{"id":774,"date":"2023-07-28T13:25:51","date_gmt":"2023-07-28T11:25:51","guid":{"rendered":"https:\/\/xhomebarberia.com\/contacto\/"},"modified":"2025-09-10T09:57:55","modified_gmt":"2025-09-10T07:57:55","slug":"contacto","status":"publish","type":"page","link":"https:\/\/xhomebarberia.com\/es\/contacto\/","title":{"rendered":"Contacto"},"content":{"rendered":"<p>[et_pb_section fb_built=\u00bb1&#8243; _builder_version=\u00bb4.22.1&#8243; _module_preset=\u00bbdefault\u00bb background_color=\u00bb#000000&#8243; background_image=\u00bbhttps:\/\/xhomebarberia.com\/wp-content\/uploads\/2023\/07\/Mesa-de-trabajo-5-100-1.jpg\u00bb custom_margin=\u00bb-120px||||false|false\u00bb custom_padding=\u00bb120px||||false|false\u00bb global_colors_info=\u00bb{}\u00bb][et_pb_row _builder_version=\u00bb4.21.0&#8243; _module_preset=\u00bbdefault\u00bb custom_padding=\u00bb||117px|||\u00bb global_colors_info=\u00bb{}\u00bb][et_pb_column type=\u00bb4_4&#8243; _builder_version=\u00bb4.21.0&#8243; _module_preset=\u00bbdefault\u00bb global_colors_info=\u00bb{}\u00bb][et_pb_text _builder_version=\u00bb4.21.0&#8243; _module_preset=\u00bbdefault\u00bb header_2_text_align=\u00bbcenter\u00bb header_2_font_size=\u00bb60px\u00bb global_colors_info=\u00bb{}\u00bb]<\/p>\n<h2>Contacto<\/h2>\n<p>[\/et_pb_text][\/et_pb_column][\/et_pb_row][et_pb_row column_structure=\u00bb1_2,1_2&#8243; _builder_version=\u00bb4.21.0&#8243; _module_preset=\u00bbdefault\u00bb saved_tabs=\u00bball\u00bb global_colors_info=\u00bb{}\u00bb][et_pb_column type=\u00bb1_2&#8243; _builder_version=\u00bb4.21.0&#8243; _module_preset=\u00bbdefault\u00bb transform_scale_tablet=\u00bb\u00bb transform_scale_phone=\u00bb66%|66%\u00bb transform_scale_last_edited=\u00bbon|phone\u00bb transform_translate_tablet=\u00bb\u00bb transform_translate_phone=\u00bb-59px|-164px\u00bb transform_translate_last_edited=\u00bbon|phone\u00bb transform_rotate_tablet=\u00bb\u00bb transform_rotate_phone=\u00bb\u00bb transform_rotate_last_edited=\u00bbon|phone\u00bb transform_skew_tablet=\u00bb\u00bb transform_skew_phone=\u00bb\u00bb transform_skew_last_edited=\u00bbon|phone\u00bb transform_origin_tablet=\u00bb\u00bb transform_origin_phone=\u00bb\u00bb transform_origin_last_edited=\u00bbon|phone\u00bb transform_styles_last_edited=\u00bbon|phone\u00bb transform_styles_tablet=\u00bb\u00bb transform_styles_phone=\u00bb\u00bb global_colors_info=\u00bb{}\u00bb][et_pb_blurb title=\u00bb618554190&#8243; use_icon=\u00bbon\u00bb font_icon=\u00bb&#xe090;||divi||400&#8243; icon_color=\u00bb#FFFFFF\u00bb image_icon_background_color=\u00bb#4f2c1d\u00bb icon_placement=\u00bbleft\u00bb image_icon_width=\u00bb33px\u00bb _builder_version=\u00bb4.27.2&#8243; _module_preset=\u00bbdefault\u00bb header_font=\u00bbRoboto Slab||||||||\u00bb header_font_size=\u00bb47px\u00bb header_letter_spacing=\u00bb5px\u00bb image_icon_custom_padding=\u00bb14px|13px|14px|13px|true|true\u00bb module_alignment=\u00bbright\u00bb link_option_url=\u00bbtel:+34618554190&#8243; border_radii_image=\u00bbon|596px|596px|596px|596px\u00bb global_colors_info=\u00bb{}\u00bb][\/et_pb_blurb][et_pb_blurb title=\u00bbCarrer Jaume Marqu\u00e8s i Casanovas, 11, 17003 Girona\u00bb use_icon=\u00bbon\u00bb font_icon=\u00bb&#xe081;||divi||400&#8243; icon_color=\u00bb#FFFFFF\u00bb image_icon_background_color=\u00bb#4f2c1d\u00bb icon_placement=\u00bbleft\u00bb image_icon_width=\u00bb33px\u00bb _builder_version=\u00bb4.27.2&#8243; _module_preset=\u00bbdefault\u00bb header_font=\u00bbRoboto Slab|||on|||||\u00bb header_font_size=\u00bb30px\u00bb header_letter_spacing=\u00bb5px\u00bb image_icon_custom_padding=\u00bb14px|13px|14px|13px|true|true\u00bb module_alignment=\u00bbright\u00bb custom_margin=\u00bb||||false|false\u00bb custom_margin_tablet=\u00bb||||false|false\u00bb custom_margin_phone=\u00bb|-117px|||false|false\u00bb custom_margin_last_edited=\u00bbon|phone\u00bb custom_padding=\u00bb|0px|||false|false\u00bb border_radii_image=\u00bbon|596px|596px|596px|596px\u00bb global_colors_info=\u00bb{}\u00bb][\/et_pb_blurb][et_pb_blurb title=\u00bbinfo@xhomebarberia.com\u00bb use_icon=\u00bbon\u00bb font_icon=\u00bb&#xf0e0;||fa||900&#8243; icon_color=\u00bb#FFFFFF\u00bb image_icon_background_color=\u00bb#4f2c1d\u00bb icon_placement=\u00bbleft\u00bb image_icon_width=\u00bb33px\u00bb _builder_version=\u00bb4.27.2&#8243; _module_preset=\u00bbdefault\u00bb header_font=\u00bbRoboto Slab||||||||\u00bb header_font_size=\u00bb30px\u00bb image_icon_custom_padding=\u00bb14px|13px|14px|13px|true|true\u00bb module_alignment=\u00bbright\u00bb link_option_url=\u00bbmailto:info@xhomebarberia.com\u00bb border_radii_image=\u00bbon|596px|596px|596px|596px\u00bb global_colors_info=\u00bb{}\u00bb][\/et_pb_blurb][\/et_pb_column][et_pb_column type=\u00bb1_2&#8243; _builder_version=\u00bb4.21.0&#8243; _module_preset=\u00bbdefault\u00bb global_colors_info=\u00bb{}\u00bb][et_pb_text _builder_version=\u00bb4.21.0&#8243; _module_preset=\u00bbdefault\u00bb text_text_color=\u00bb#FFFFFF\u00bb background_color=\u00bb#333333&#8243; custom_margin=\u00bb|123px|||false|false\u00bb custom_margin_tablet=\u00bb|123px|||false|false\u00bb custom_margin_phone=\u00bb-117px|0px|||false|false\u00bb custom_margin_last_edited=\u00bbon|phone\u00bb custom_padding=\u00bb38px|57px|38px|57px|true|true\u00bb custom_padding_tablet=\u00bb38px|57px|38px|57px|true|true\u00bb custom_padding_phone=\u00bb|23px||23px|true|true\u00bb custom_padding_last_edited=\u00bbon|phone\u00bb global_colors_info=\u00bb{}\u00bb]<\/p>\n<p>Atenci\u00f3n: Agradecer\u00edamos avisar lo antes posible, en caso de no poder asistir a su cita. Quedar\u00e1 anulada pasados 10 minutos.<\/p>\n<p>Es necesario respetar el horario asignado del servicio reservado. Los tratamientos que no se puedan realizar debido al retraso o ausencia del cliente, pueden ser cobrados.<\/p>\n<p>[\/et_pb_text][\/et_pb_column][\/et_pb_row][\/et_pb_section][et_pb_section fb_built=\u00bb1&#8243; fullwidth=\u00bbon\u00bb _builder_version=\u00bb4.22.1&#8243; _module_preset=\u00bbdefault\u00bb custom_margin=\u00bb0px||0px||false|false\u00bb custom_padding=\u00bb0px||0px||false|false\u00bb global_colors_info=\u00bb{}\u00bb][et_pb_fullwidth_code _builder_version=\u00bb4.27.2&#8243; _module_preset=\u00bbdefault\u00bb custom_padding=\u00bb||||false|false\u00bb global_colors_info=\u00bb{}\u00bb]<iframe src=\"https:\/\/www.google.com\/maps\/embed?pb=!1m18!1m12!1m3!1d5932.790458664002!2d2.8226195000000005!3d41.9703234!2m3!1f0!2f0!3f0!3m2!1i1024!2i768!4f13.1!3m3!1m2!1s0x12bae6d6b470b5b3%3A0xeb6d40efafe8bcd6!2sCarrer%20Jaume%20Marqu%C3%A8s%20i%20Casanovas%2C%2011%2C%2017003%20Girona!5e0!3m2!1sca!2ses!4v1739903039360!5m2!1sca!2ses\" width=\"100%\" height=\"400px\" style=\"border: 0;\" allowfullscreen=\"\" loading=\"lazy\" referrerpolicy=\"no-referrer-when-downgrade\"><\/iframe>[\/et_pb_fullwidth_code][\/et_pb_section]<\/p>\n","protected":false},"excerpt":{"rendered":"<p>ContactoAtenci\u00f3n: Agradecer\u00edamos avisar lo antes posible, en caso de no poder asistir a su cita. Quedar\u00e1 anulada pasados 10 minutos. Es necesario respetar el horario asignado del servicio reservado. Los tratamientos que no se puedan realizar debido al retraso o ausencia del cliente, pueden ser cobrados.<\/p>\n","protected":false},"author":4,"featured_media":0,"parent":0,"menu_order":0,"comment_status":"closed","ping_status":"closed","template":"","meta":{"_et_pb_use_builder":"on","_et_pb_old_content":"","_et_gb_content_width":"","footnotes":""},"class_list":["post-774","page","type-page","status-publish","hentry"],"yoast_head":"<!-- This site is optimized with the Yoast SEO plugin v27.4 - https:\/\/yoast.com\/product\/yoast-seo-wordpress\/ -->\n<title>Contacto - X Home Barberia<\/title>\n<meta name=\"robots\" content=\"index, follow, max-snippet:-1, max-image-preview:large, max-video-preview:-1\" \/>\n<link rel=\"canonical\" href=\"https:\/\/xhomebarberia.com\/es\/contacto\/\" \/>\n<meta property=\"og:locale\" content=\"es_ES\" \/>\n<meta property=\"og:type\" content=\"article\" \/>\n<meta property=\"og:title\" content=\"Contacto - X Home Barberia\" \/>\n<meta property=\"og:description\" content=\"ContactoAtenci\u00f3n: Agradecer\u00edamos avisar lo antes posible, en caso de no poder asistir a su cita. Quedar\u00e1 anulada pasados 10 minutos. Es necesario respetar el horario asignado del servicio reservado. Los tratamientos que no se puedan realizar debido al retraso o ausencia del cliente, pueden ser cobrados.\" \/>\n<meta property=\"og:url\" content=\"https:\/\/xhomebarberia.com\/es\/contacto\/\" \/>\n<meta property=\"og:site_name\" content=\"X Home Barberia\" \/>\n<meta property=\"article:modified_time\" content=\"2025-09-10T07:57:55+00:00\" \/>\n<meta name=\"twitter:card\" content=\"summary_large_image\" \/>\n<meta name=\"twitter:label1\" content=\"Tiempo de lectura\" \/>\n\t<meta name=\"twitter:data1\" content=\"3 minutos\" \/>\n<script type=\"application\/ld+json\" class=\"yoast-schema-graph\">{\"@context\":\"https:\\\/\\\/schema.org\",\"@graph\":[{\"@type\":\"WebPage\",\"@id\":\"https:\\\/\\\/xhomebarberia.com\\\/es\\\/contacto\\\/\",\"url\":\"https:\\\/\\\/xhomebarberia.com\\\/es\\\/contacto\\\/\",\"name\":\"Contacto - X Home Barberia\",\"isPartOf\":{\"@id\":\"https:\\\/\\\/xhomebarberia.com\\\/es\\\/#website\"},\"datePublished\":\"2023-07-28T11:25:51+00:00\",\"dateModified\":\"2025-09-10T07:57:55+00:00\",\"breadcrumb\":{\"@id\":\"https:\\\/\\\/xhomebarberia.com\\\/es\\\/contacto\\\/#breadcrumb\"},\"inLanguage\":\"es\",\"potentialAction\":[{\"@type\":\"ReadAction\",\"target\":[\"https:\\\/\\\/xhomebarberia.com\\\/es\\\/contacto\\\/\"]}]},{\"@type\":\"BreadcrumbList\",\"@id\":\"https:\\\/\\\/xhomebarberia.com\\\/es\\\/contacto\\\/#breadcrumb\",\"itemListElement\":[{\"@type\":\"ListItem\",\"position\":1,\"name\":\"Portada\",\"item\":\"https:\\\/\\\/xhomebarberia.com\\\/es\\\/x-home-barberia\\\/\"},{\"@type\":\"ListItem\",\"position\":2,\"name\":\"Contacto\"}]},{\"@type\":\"WebSite\",\"@id\":\"https:\\\/\\\/xhomebarberia.com\\\/es\\\/#website\",\"url\":\"https:\\\/\\\/xhomebarberia.com\\\/es\\\/\",\"name\":\"X Home Barberia\",\"description\":\"La teva barberia a Girona des de 2014\",\"potentialAction\":[{\"@type\":\"SearchAction\",\"target\":{\"@type\":\"EntryPoint\",\"urlTemplate\":\"https:\\\/\\\/xhomebarberia.com\\\/es\\\/?s={search_term_string}\"},\"query-input\":{\"@type\":\"PropertyValueSpecification\",\"valueRequired\":true,\"valueName\":\"search_term_string\"}}],\"inLanguage\":\"es\"}]}<\/script>\n<!-- \/ Yoast SEO plugin. -->","yoast_head_json":{"title":"Contacto - X Home Barberia","robots":{"index":"index","follow":"follow","max-snippet":"max-snippet:-1","max-image-preview":"max-image-preview:large","max-video-preview":"max-video-preview:-1"},"canonical":"https:\/\/xhomebarberia.com\/es\/contacto\/","og_locale":"es_ES","og_type":"article","og_title":"Contacto - X Home Barberia","og_description":"ContactoAtenci\u00f3n: Agradecer\u00edamos avisar lo antes posible, en caso de no poder asistir a su cita. Quedar\u00e1 anulada pasados 10 minutos. Es necesario respetar el horario asignado del servicio reservado. Los tratamientos que no se puedan realizar debido al retraso o ausencia del cliente, pueden ser cobrados.","og_url":"https:\/\/xhomebarberia.com\/es\/contacto\/","og_site_name":"X Home Barberia","article_modified_time":"2025-09-10T07:57:55+00:00","twitter_card":"summary_large_image","twitter_misc":{"Tiempo de lectura":"3 minutos"},"schema":{"@context":"https:\/\/schema.org","@graph":[{"@type":"WebPage","@id":"https:\/\/xhomebarberia.com\/es\/contacto\/","url":"https:\/\/xhomebarberia.com\/es\/contacto\/","name":"Contacto - X Home Barberia","isPartOf":{"@id":"https:\/\/xhomebarberia.com\/es\/#website"},"datePublished":"2023-07-28T11:25:51+00:00","dateModified":"2025-09-10T07:57:55+00:00","breadcrumb":{"@id":"https:\/\/xhomebarberia.com\/es\/contacto\/#breadcrumb"},"inLanguage":"es","potentialAction":[{"@type":"ReadAction","target":["https:\/\/xhomebarberia.com\/es\/contacto\/"]}]},{"@type":"BreadcrumbList","@id":"https:\/\/xhomebarberia.com\/es\/contacto\/#breadcrumb","itemListElement":[{"@type":"ListItem","position":1,"name":"Portada","item":"https:\/\/xhomebarberia.com\/es\/x-home-barberia\/"},{"@type":"ListItem","position":2,"name":"Contacto"}]},{"@type":"WebSite","@id":"https:\/\/xhomebarberia.com\/es\/#website","url":"https:\/\/xhomebarberia.com\/es\/","name":"X Home Barberia","description":"La teva barberia a Girona des de 2014","potentialAction":[{"@type":"SearchAction","target":{"@type":"EntryPoint","urlTemplate":"https:\/\/xhomebarberia.com\/es\/?s={search_term_string}"},"query-input":{"@type":"PropertyValueSpecification","valueRequired":true,"valueName":"search_term_string"}}],"inLanguage":"es"}]}},"_links":{"self":[{"href":"https:\/\/xhomebarberia.com\/es\/wp-json\/wp\/v2\/pages\/774","targetHints":{"allow":["GET"]}}],"collection":[{"href":"https:\/\/xhomebarberia.com\/es\/wp-json\/wp\/v2\/pages"}],"about":[{"href":"https:\/\/xhomebarberia.com\/es\/wp-json\/wp\/v2\/types\/page"}],"author":[{"embeddable":true,"href":"https:\/\/xhomebarberia.com\/es\/wp-json\/wp\/v2\/users\/4"}],"replies":[{"embeddable":true,"href":"https:\/\/xhomebarberia.com\/es\/wp-json\/wp\/v2\/comments?post=774"}],"version-history":[{"count":9,"href":"https:\/\/xhomebarberia.com\/es\/wp-json\/wp\/v2\/pages\/774\/revisions"}],"predecessor-version":[{"id":1445,"href":"https:\/\/xhomebarberia.com\/es\/wp-json\/wp\/v2\/pages\/774\/revisions\/1445"}],"wp:attachment":[{"href":"https:\/\/xhomebarberia.com\/es\/wp-json\/wp\/v2\/media?parent=774"}],"curies":[{"name":"wp","href":"https:\/\/api.w.org\/{rel}","templated":true}]}}