{"id":777,"date":"2023-07-28T12:56:49","date_gmt":"2023-07-28T10:56:49","guid":{"rendered":"https:\/\/xhomebarberia.com\/productos\/"},"modified":"2025-02-18T20:03:21","modified_gmt":"2025-02-18T19:03:21","slug":"productos","status":"publish","type":"page","link":"https:\/\/xhomebarberia.com\/es\/productos\/","title":{"rendered":"Productos"},"content":{"rendered":"<p>[et_pb_section fb_built=\u00bb1&#8243; _builder_version=\u00bb4.27.2&#8243; _module_preset=\u00bbdefault\u00bb background_image=\u00bbhttps:\/\/xhomebarberia.com\/wp-content\/uploads\/2023\/07\/Mesa-de-trabajo-4-100-1.jpg\u00bb custom_margin=\u00bb-120px||||false|false\u00bb custom_padding=\u00bb120px||||false|false\u00bb hover_enabled=\u00bb0&#8243; global_colors_info=\u00bb{}\u00bb sticky_enabled=\u00bb0&#8243;][et_pb_row _builder_version=\u00bb4.21.0&#8243; _module_preset=\u00bbdefault\u00bb global_colors_info=\u00bb{}\u00bb][et_pb_column type=\u00bb4_4&#8243; _builder_version=\u00bb4.21.0&#8243; _module_preset=\u00bbdefault\u00bb global_colors_info=\u00bb{}\u00bb][et_pb_text _builder_version=\u00bb4.21.0&#8243; _module_preset=\u00bbdefault\u00bb header_2_text_align=\u00bbcenter\u00bb header_2_font_size=\u00bb60px\u00bb global_colors_info=\u00bb{}\u00bb]<\/p>\n<h2>Productos<\/h2>\n<p>[\/et_pb_text][\/et_pb_column][\/et_pb_row][\/et_pb_section][et_pb_section fb_built=\u00bb1&#8243; _builder_version=\u00bb4.21.0&#8243; _module_preset=\u00bbdefault\u00bb background_color=\u00bbrgba(0,0,0,0.94)\u00bb background_enable_image=\u00bboff\u00bb background_size=\u00bbcustom\u00bb background_image_width=\u00bb38%\u00bb background_position=\u00bbtop_center\u00bb background_blend=\u00bbmultiply\u00bb background_last_edited=\u00bbon|phone\u00bb background_image_width_phone=\u00bb100%\u00bb global_colors_info=\u00bb{}\u00bb][et_pb_row column_structure=\u00bb1_5,3_5,1_5&#8243; use_custom_gutter=\u00bbon\u00bb gutter_width=\u00bb2&#8243; _builder_version=\u00bb4.21.0&#8243; _module_preset=\u00bbdefault\u00bb custom_margin=\u00bb111px|auto||auto||\u00bb custom_margin_tablet=\u00bb111px|auto||auto||\u00bb custom_margin_phone=\u00bb10px||||false|false\u00bb custom_margin_last_edited=\u00bbon|phone\u00bb global_colors_info=\u00bb{}\u00bb][et_pb_column type=\u00bb1_5&#8243; _builder_version=\u00bb4.21.0&#8243; _module_preset=\u00bbdefault\u00bb global_colors_info=\u00bb{}\u00bb][\/et_pb_column][et_pb_column type=\u00bb3_5&#8243; _builder_version=\u00bb4.21.0&#8243; _module_preset=\u00bbdefault\u00bb global_colors_info=\u00bb{}\u00bb][et_pb_text _builder_version=\u00bb4.21.0&#8243; _module_preset=\u00bbdefault\u00bb text_orientation=\u00bbcenter\u00bb text_font_size_tablet=\u00bb\u00bb text_font_size_phone=\u00bb16px\u00bb text_font_size_last_edited=\u00bbon|phone\u00bb header_2_font_size_tablet=\u00bb\u00bb header_2_font_size_phone=\u00bb25px\u00bb header_2_font_size_last_edited=\u00bbon|phone\u00bb global_colors_info=\u00bb{}\u00bb]<\/p>\n<h2>Dentro de nuestro espacio, podr\u00e1 disfrutar de una atenci\u00f3n esmerada y de un ambiente agradable, con la posibilidad de adquirir los mejores productos que ayuden al cuidado y conservaci\u00f3n del cabello as\u00ed como conseguir el estilo deseado.<\/h2>\n<p>[\/et_pb_text][et_pb_image src=\u00bbhttps:\/\/xhomebarberia.com\/wp-content\/uploads\/2025\/02\/Mesa-de-trabajo-3-1.png\u00bb title_text=\u00bbMesa-de-trabajo-3&#8243; align=\u00bbcenter\u00bb _builder_version=\u00bb4.27.2&#8243; _module_preset=\u00bbdefault\u00bb width=\u00bb25%\u00bb width_tablet=\u00bb25%\u00bb width_phone=\u00bb72%\u00bb width_last_edited=\u00bbon|phone\u00bb module_alignment=\u00bbcenter\u00bb custom_margin=\u00bb43px||59px||false|false\u00bb global_colors_info=\u00bb{}\u00bb][\/et_pb_image][\/et_pb_column][et_pb_column type=\u00bb1_5&#8243; _builder_version=\u00bb4.21.0&#8243; _module_preset=\u00bbdefault\u00bb global_colors_info=\u00bb{}\u00bb][\/et_pb_column][\/et_pb_row][et_pb_row column_structure=\u00bb1_2,1_2&#8243; _builder_version=\u00bb4.21.0&#8243; _module_preset=\u00bbdefault\u00bb animation_style=\u00bbfade\u00bb global_colors_info=\u00bb{}\u00bb][et_pb_column type=\u00bb1_2&#8243; _builder_version=\u00bb4.21.0&#8243; _module_preset=\u00bbdefault\u00bb animation_style=\u00bbfade\u00bb global_colors_info=\u00bb{}\u00bb][et_pb_image src=\u00bbhttps:\/\/xhomebarberia.com\/wp-content\/uploads\/2023\/09\/beardburys-scaled.webp\u00bb alt=\u00bbBeardburys\u00bb title_text=\u00bbBeardburys\u00bb _builder_version=\u00bb4.22.2&#8243; _module_preset=\u00bbdefault\u00bb width=\u00bb100%\u00bb global_colors_info=\u00bb{}\u00bb][\/et_pb_image][et_pb_text _builder_version=\u00bb4.22.0&#8243; _module_preset=\u00bbdefault\u00bb header_3_font=\u00bbRoboto Slab||||||||\u00bb header_3_font_size=\u00bb30px\u00bb background_color=\u00bb#333333&#8243; custom_margin=\u00bb-42px||||false|false\u00bb custom_margin_tablet=\u00bb-42px||||false|false\u00bb custom_margin_phone=\u00bb-42px||||false|false\u00bb custom_margin_last_edited=\u00bbon|desktop\u00bb custom_padding=\u00bb41px|40px|41px|40px|true|true\u00bb custom_padding_tablet=\u00bb41px|40px|41px|40px|true|true\u00bb custom_padding_phone=\u00bb41px|40px|41px|40px|true|true\u00bb custom_padding_last_edited=\u00bbon|desktop\u00bb global_colors_info=\u00bb{}\u00bb]<\/p>\n<h3 style=\"text-align: center;\"><span style=\"color: #ffffff;\">Beardburys<\/span><\/h3>\n<p style=\"text-align: center;\"><span style=\"font-weight: 400; color: #ffffff;\">Productos para el mantenimiento del cabello y acabado del peinado.<\/span><\/p>\n<p>&nbsp;<\/p>\n<p>[\/et_pb_text][\/et_pb_column][et_pb_column type=\u00bb1_2&#8243; _builder_version=\u00bb4.21.0&#8243; _module_preset=\u00bbdefault\u00bb global_colors_info=\u00bb{}\u00bb][et_pb_image src=\u00bbhttps:\/\/xhomebarberia.com\/wp-content\/uploads\/2023\/09\/prorasp-q-scaled.webp\u00bb alt=\u00bbProraso\u00bb title_text=\u00bbProraso\u00bb _builder_version=\u00bb4.22.2&#8243; _module_preset=\u00bbdefault\u00bb global_colors_info=\u00bb{}\u00bb][\/et_pb_image][et_pb_text _builder_version=\u00bb4.21.0&#8243; _module_preset=\u00bbdefault\u00bb header_3_font=\u00bbRoboto Slab||||||||\u00bb header_3_font_size=\u00bb30px\u00bb background_color=\u00bb#333333&#8243; custom_margin=\u00bb-42px||||false|false\u00bb custom_margin_tablet=\u00bb-42px||||false|false\u00bb custom_margin_phone=\u00bb-42px||||false|false\u00bb custom_margin_last_edited=\u00bbon|desktop\u00bb custom_padding=\u00bb51px|40px|51px|40px|true|true\u00bb custom_padding_tablet=\u00bb51px|40px|51px|40px|true|true\u00bb custom_padding_phone=\u00bb51px|40px|51px|40px|true|true\u00bb custom_padding_last_edited=\u00bbon|desktop\u00bb global_colors_info=\u00bb{}\u00bb]<\/p>\n<h3 style=\"text-align: center;\"><span style=\"color: #ffffff;\"><b>Proraso<\/b><\/span><\/h3>\n<p style=\"text-align: center;\"><span style=\"font-weight: 400; color: #ffffff;\">Productos para el cuidado de la barba y del afeitado.<\/span><\/p>\n<p><span style=\"color: #ffffff;\"> <\/span><\/p>\n<p>[\/et_pb_text][\/et_pb_column][\/et_pb_row][et_pb_row column_structure=\u00bb1_2,1_2&#8243; _builder_version=\u00bb4.21.0&#8243; _module_preset=\u00bbdefault\u00bb animation_style=\u00bbfade\u00bb global_colors_info=\u00bb{}\u00bb][et_pb_column type=\u00bb1_2&#8243; _builder_version=\u00bb4.21.0&#8243; _module_preset=\u00bbdefault\u00bb global_colors_info=\u00bb{}\u00bb][et_pb_image src=\u00bbhttps:\/\/xhomebarberia.com\/wp-content\/uploads\/2023\/09\/ilfigaro-scaled.webp\u00bb alt=\u00bbIl Figaro\u00bb title_text=\u00bbIl Figaro\u00bb _builder_version=\u00bb4.22.2&#8243; _module_preset=\u00bbdefault\u00bb global_colors_info=\u00bb{}\u00bb][\/et_pb_image][et_pb_text _builder_version=\u00bb4.21.0&#8243; _module_preset=\u00bbdefault\u00bb header_3_font=\u00bbRoboto Slab||||||||\u00bb header_3_font_size=\u00bb30px\u00bb background_color=\u00bb#333333&#8243; custom_margin=\u00bb-42px||||false|false\u00bb custom_margin_tablet=\u00bb-42px||||false|false\u00bb custom_margin_phone=\u00bb-42px||||false|false\u00bb custom_margin_last_edited=\u00bbon|desktop\u00bb custom_padding=\u00bb41px|40px|41px|40px|true|true\u00bb custom_padding_tablet=\u00bb41px|40px|41px|40px|true|true\u00bb custom_padding_phone=\u00bb41px|40px|41px|40px|true|true\u00bb custom_padding_last_edited=\u00bbon|desktop\u00bb global_colors_info=\u00bb{}\u00bb]<\/p>\n<h3 style=\"text-align: center;\"><b>Il Figaro<\/b><\/h3>\n<p style=\"text-align: center;\"><span style=\"font-weight: 400; color: #ffffff;\">Productos para el acabado del estilo del peinado.<\/span><\/p>\n<p>&nbsp;<\/p>\n<p>[\/et_pb_text][\/et_pb_column][et_pb_column type=\u00bb1_2&#8243; _builder_version=\u00bb4.21.0&#8243; _module_preset=\u00bbdefault\u00bb global_colors_info=\u00bb{}\u00bb][et_pb_image src=\u00bbhttps:\/\/xhomebarberia.com\/wp-content\/uploads\/2023\/09\/dr-jackson-q-scaled.webp\u00bb alt=\u00bbDr Jackson\u00bb title_text=\u00bbDr Jackson\u00bb _builder_version=\u00bb4.22.2&#8243; _module_preset=\u00bbdefault\u00bb global_colors_info=\u00bb{}\u00bb][\/et_pb_image][et_pb_text _builder_version=\u00bb4.21.0&#8243; _module_preset=\u00bbdefault\u00bb header_3_font=\u00bbRoboto Slab||||||||\u00bb header_3_font_size=\u00bb30px\u00bb background_color=\u00bb#333333&#8243; custom_margin=\u00bb-42px||||false|false\u00bb custom_margin_tablet=\u00bb-42px||||false|false\u00bb custom_margin_phone=\u00bb-42px||||false|false\u00bb custom_margin_last_edited=\u00bbon|desktop\u00bb custom_padding=\u00bb41px|40px|41px|40px|true|true\u00bb custom_padding_tablet=\u00bb41px|40px|41px|40px|true|true\u00bb custom_padding_phone=\u00bb41px|40px|41px|40px|true|true\u00bb custom_padding_last_edited=\u00bbon|desktop\u00bb global_colors_info=\u00bb{}\u00bb]<\/p>\n<h3 style=\"text-align: center;\"><span style=\"color: #ffffff;\"><b>Dr. Jackson<\/b><\/span><\/h3>\n<p style=\"text-align: center;\"><span style=\"font-weight: 400; color: #ffffff;\">Productos para el cuidado del cabello, antica\u00edda, anticaspa, refrescante y sin picores. Hecho totalmente con ingredientes bot\u00e1nicos y naturales.<\/span><\/p>\n<p>[\/et_pb_text][\/et_pb_column][\/et_pb_row][et_pb_row column_structure=\u00bb1_5,3_5,1_5&#8243; use_custom_gutter=\u00bbon\u00bb gutter_width=\u00bb2&#8243; _builder_version=\u00bb4.21.0&#8243; _module_preset=\u00bbdefault\u00bb custom_margin=\u00bb111px|auto||auto||\u00bb custom_margin_tablet=\u00bb111px|auto||auto||\u00bb custom_margin_phone=\u00bb10px||||false|false\u00bb custom_margin_last_edited=\u00bbon|phone\u00bb global_colors_info=\u00bb{}\u00bb][et_pb_column type=\u00bb1_5&#8243; _builder_version=\u00bb4.21.0&#8243; _module_preset=\u00bbdefault\u00bb global_colors_info=\u00bb{}\u00bb][\/et_pb_column][et_pb_column type=\u00bb3_5&#8243; _builder_version=\u00bb4.21.0&#8243; _module_preset=\u00bbdefault\u00bb global_colors_info=\u00bb{}\u00bb][et_pb_text _builder_version=\u00bb4.21.0&#8243; _module_preset=\u00bbdefault\u00bb text_orientation=\u00bbcenter\u00bb text_font_size_tablet=\u00bb\u00bb text_font_size_phone=\u00bb16px\u00bb text_font_size_last_edited=\u00bbon|phone\u00bb header_2_font_size_tablet=\u00bb\u00bb header_2_font_size_phone=\u00bb25px\u00bb header_2_font_size_last_edited=\u00bbon|phone\u00bb global_colors_info=\u00bb{}\u00bb]<\/p>\n<h2>Nuestros objetivos son proporcionar un servicio personalizado y de calidad a nuestros clientes. Tambi\u00e9n aspiramos a seguir creciendo y evolucionando, manteni\u00e9ndonos al d\u00eda con las \u00faltimas tendencias y ofreciendo servicios innovadores y de excelente calidad.<\/h2>\n<p>[\/et_pb_text][\/et_pb_column][et_pb_column type=\u00bb1_5&#8243; _builder_version=\u00bb4.21.0&#8243; _module_preset=\u00bbdefault\u00bb global_colors_info=\u00bb{}\u00bb][\/et_pb_column][\/et_pb_row][\/et_pb_section][et_pb_section fb_built=\u00bb1&#8243; _builder_version=\u00bb4.27.2&#8243; _module_preset=\u00bbdefault\u00bb background_color=\u00bb#000000&#8243; background_image=\u00bbhttps:\/\/xhomebarberia.com\/wp-content\/uploads\/2023\/07\/Mesa-de-trabajo-5-100-1.jpg\u00bb custom_padding=\u00bb145px|||||\u00bb hover_enabled=\u00bb0&#8243; global_colors_info=\u00bb{}\u00bb sticky_enabled=\u00bb0&#8243;][et_pb_row column_structure=\u00bb1_4,1_2,1_4&#8243; _builder_version=\u00bb4.21.0&#8243; _module_preset=\u00bbdefault\u00bb custom_margin=\u00bb|auto|108px|auto||\u00bb custom_margin_tablet=\u00bb|auto|132px|auto||\u00bb custom_margin_phone=\u00bb|auto|0px|auto|false|false\u00bb custom_margin_last_edited=\u00bbon|phone\u00bb global_colors_info=\u00bb{}\u00bb][et_pb_column type=\u00bb1_4&#8243; _builder_version=\u00bb4.21.0&#8243; _module_preset=\u00bbdefault\u00bb global_colors_info=\u00bb{}\u00bb][\/et_pb_column][et_pb_column type=\u00bb1_2&#8243; _builder_version=\u00bb4.21.0&#8243; _module_preset=\u00bbdefault\u00bb global_colors_info=\u00bb{}\u00bb][et_pb_text _builder_version=\u00bb4.21.0&#8243; _module_preset=\u00bbdefault\u00bb text_text_color=\u00bb#FFFFFF\u00bb text_font_size=\u00bb33px\u00bb text_letter_spacing=\u00bb5px\u00bb text_orientation=\u00bbcenter\u00bb custom_margin=\u00bb||52px|||\u00bb text_font_size_tablet=\u00bb33px\u00bb text_font_size_phone=\u00bb24px\u00bb text_font_size_last_edited=\u00bbon|phone\u00bb global_colors_info=\u00bb{}\u00bb]<\/p>\n<p>&#8211; PIDE CITA &#8211;<\/p>\n<p>[\/et_pb_text][et_pb_button button_url=\u00bb\/#reservar\u00bb button_text=\u00bbReservar\u00bb button_alignment=\u00bbcenter\u00bb _builder_version=\u00bb4.22.2&#8243; _module_preset=\u00bbdefault\u00bb custom_button=\u00bbon\u00bb button_text_color=\u00bb#FFFFFF\u00bb button_icon=\u00bb&#xf0c4;||fa||900&#8243; custom_margin=\u00bb||12px|||\u00bb locked=\u00bboff\u00bb global_colors_info=\u00bb{}\u00bb][\/et_pb_button][et_pb_text _builder_version=\u00bb4.21.0&#8243; _module_preset=\u00bbdefault\u00bb text_orientation=\u00bbcenter\u00bb text_font_size_tablet=\u00bb\u00bb text_font_size_phone=\u00bb16px\u00bb text_font_size_last_edited=\u00bbon|phone\u00bb global_colors_info=\u00bb{}\u00bb]<\/p>\n<p>Todos los servicios son individualizados y en horas convenidas.<br \/>Imprescindible cita previa.<\/p>\n<p>[\/et_pb_text][\/et_pb_column][et_pb_column type=\u00bb1_4&#8243; _builder_version=\u00bb4.21.0&#8243; _module_preset=\u00bbdefault\u00bb global_colors_info=\u00bb{}\u00bb][\/et_pb_column][\/et_pb_row][\/et_pb_section]<\/p>\n","protected":false},"excerpt":{"rendered":"<p>ProductosDentro de nuestro espacio, podr\u00e1 disfrutar de una atenci\u00f3n esmerada y de un ambiente agradable, con la posibilidad de adquirir los mejores productos que ayuden al cuidado y conservaci\u00f3n del cabello as\u00ed como conseguir el estilo deseado.Beardburys Productos para el mantenimiento del cabello y acabado del peinado. &nbsp;Proraso Productos para el cuidado de la barba [&hellip;]<\/p>\n","protected":false},"author":4,"featured_media":0,"parent":0,"menu_order":0,"comment_status":"closed","ping_status":"closed","template":"","meta":{"_et_pb_use_builder":"on","_et_pb_old_content":"","_et_gb_content_width":"","footnotes":""},"class_list":["post-777","page","type-page","status-publish","hentry"],"yoast_head":"<!-- This site is optimized with the Yoast SEO plugin v27.4 - https:\/\/yoast.com\/product\/yoast-seo-wordpress\/ -->\n<title>Productos - X Home Barberia<\/title>\n<meta name=\"robots\" content=\"index, follow, max-snippet:-1, max-image-preview:large, max-video-preview:-1\" \/>\n<link rel=\"canonical\" href=\"https:\/\/xhomebarberia.com\/es\/productos\/\" \/>\n<meta property=\"og:locale\" content=\"es_ES\" \/>\n<meta property=\"og:type\" content=\"article\" \/>\n<meta property=\"og:title\" content=\"Productos - X Home Barberia\" \/>\n<meta property=\"og:description\" content=\"ProductosDentro de nuestro espacio, podr\u00e1 disfrutar de una atenci\u00f3n esmerada y de un ambiente agradable, con la posibilidad de adquirir los mejores productos que ayuden al cuidado y conservaci\u00f3n del cabello as\u00ed como conseguir el estilo deseado.Beardburys Productos para el mantenimiento del cabello y acabado del peinado. &nbsp;Proraso Productos para el cuidado de la barba [&hellip;]\" \/>\n<meta property=\"og:url\" content=\"https:\/\/xhomebarberia.com\/es\/productos\/\" \/>\n<meta property=\"og:site_name\" content=\"X Home Barberia\" \/>\n<meta property=\"article:modified_time\" content=\"2025-02-18T19:03:21+00:00\" \/>\n<meta name=\"twitter:card\" content=\"summary_large_image\" \/>\n<meta name=\"twitter:label1\" content=\"Tiempo de lectura\" \/>\n\t<meta name=\"twitter:data1\" content=\"7 minutos\" \/>\n<script type=\"application\/ld+json\" class=\"yoast-schema-graph\">{\"@context\":\"https:\\\/\\\/schema.org\",\"@graph\":[{\"@type\":\"WebPage\",\"@id\":\"https:\\\/\\\/xhomebarberia.com\\\/es\\\/productos\\\/\",\"url\":\"https:\\\/\\\/xhomebarberia.com\\\/es\\\/productos\\\/\",\"name\":\"Productos - X Home Barberia\",\"isPartOf\":{\"@id\":\"https:\\\/\\\/xhomebarberia.com\\\/es\\\/#website\"},\"datePublished\":\"2023-07-28T10:56:49+00:00\",\"dateModified\":\"2025-02-18T19:03:21+00:00\",\"breadcrumb\":{\"@id\":\"https:\\\/\\\/xhomebarberia.com\\\/es\\\/productos\\\/#breadcrumb\"},\"inLanguage\":\"es\",\"potentialAction\":[{\"@type\":\"ReadAction\",\"target\":[\"https:\\\/\\\/xhomebarberia.com\\\/es\\\/productos\\\/\"]}]},{\"@type\":\"BreadcrumbList\",\"@id\":\"https:\\\/\\\/xhomebarberia.com\\\/es\\\/productos\\\/#breadcrumb\",\"itemListElement\":[{\"@type\":\"ListItem\",\"position\":1,\"name\":\"Portada\",\"item\":\"https:\\\/\\\/xhomebarberia.com\\\/es\\\/x-home-barberia\\\/\"},{\"@type\":\"ListItem\",\"position\":2,\"name\":\"Productos\"}]},{\"@type\":\"WebSite\",\"@id\":\"https:\\\/\\\/xhomebarberia.com\\\/es\\\/#website\",\"url\":\"https:\\\/\\\/xhomebarberia.com\\\/es\\\/\",\"name\":\"X Home Barberia\",\"description\":\"La teva barberia a Girona des de 2014\",\"potentialAction\":[{\"@type\":\"SearchAction\",\"target\":{\"@type\":\"EntryPoint\",\"urlTemplate\":\"https:\\\/\\\/xhomebarberia.com\\\/es\\\/?s={search_term_string}\"},\"query-input\":{\"@type\":\"PropertyValueSpecification\",\"valueRequired\":true,\"valueName\":\"search_term_string\"}}],\"inLanguage\":\"es\"}]}<\/script>\n<!-- \/ Yoast SEO plugin. -->","yoast_head_json":{"title":"Productos - X Home Barberia","robots":{"index":"index","follow":"follow","max-snippet":"max-snippet:-1","max-image-preview":"max-image-preview:large","max-video-preview":"max-video-preview:-1"},"canonical":"https:\/\/xhomebarberia.com\/es\/productos\/","og_locale":"es_ES","og_type":"article","og_title":"Productos - X Home Barberia","og_description":"ProductosDentro de nuestro espacio, podr\u00e1 disfrutar de una atenci\u00f3n esmerada y de un ambiente agradable, con la posibilidad de adquirir los mejores productos que ayuden al cuidado y conservaci\u00f3n del cabello as\u00ed como conseguir el estilo deseado.Beardburys Productos para el mantenimiento del cabello y acabado del peinado. &nbsp;Proraso Productos para el cuidado de la barba [&hellip;]","og_url":"https:\/\/xhomebarberia.com\/es\/productos\/","og_site_name":"X Home Barberia","article_modified_time":"2025-02-18T19:03:21+00:00","twitter_card":"summary_large_image","twitter_misc":{"Tiempo de lectura":"7 minutos"},"schema":{"@context":"https:\/\/schema.org","@graph":[{"@type":"WebPage","@id":"https:\/\/xhomebarberia.com\/es\/productos\/","url":"https:\/\/xhomebarberia.com\/es\/productos\/","name":"Productos - X Home Barberia","isPartOf":{"@id":"https:\/\/xhomebarberia.com\/es\/#website"},"datePublished":"2023-07-28T10:56:49+00:00","dateModified":"2025-02-18T19:03:21+00:00","breadcrumb":{"@id":"https:\/\/xhomebarberia.com\/es\/productos\/#breadcrumb"},"inLanguage":"es","potentialAction":[{"@type":"ReadAction","target":["https:\/\/xhomebarberia.com\/es\/productos\/"]}]},{"@type":"BreadcrumbList","@id":"https:\/\/xhomebarberia.com\/es\/productos\/#breadcrumb","itemListElement":[{"@type":"ListItem","position":1,"name":"Portada","item":"https:\/\/xhomebarberia.com\/es\/x-home-barberia\/"},{"@type":"ListItem","position":2,"name":"Productos"}]},{"@type":"WebSite","@id":"https:\/\/xhomebarberia.com\/es\/#website","url":"https:\/\/xhomebarberia.com\/es\/","name":"X Home Barberia","description":"La teva barberia a Girona des de 2014","potentialAction":[{"@type":"SearchAction","target":{"@type":"EntryPoint","urlTemplate":"https:\/\/xhomebarberia.com\/es\/?s={search_term_string}"},"query-input":{"@type":"PropertyValueSpecification","valueRequired":true,"valueName":"search_term_string"}}],"inLanguage":"es"}]}},"_links":{"self":[{"href":"https:\/\/xhomebarberia.com\/es\/wp-json\/wp\/v2\/pages\/777","targetHints":{"allow":["GET"]}}],"collection":[{"href":"https:\/\/xhomebarberia.com\/es\/wp-json\/wp\/v2\/pages"}],"about":[{"href":"https:\/\/xhomebarberia.com\/es\/wp-json\/wp\/v2\/types\/page"}],"author":[{"embeddable":true,"href":"https:\/\/xhomebarberia.com\/es\/wp-json\/wp\/v2\/users\/4"}],"replies":[{"embeddable":true,"href":"https:\/\/xhomebarberia.com\/es\/wp-json\/wp\/v2\/comments?post=777"}],"version-history":[{"count":5,"href":"https:\/\/xhomebarberia.com\/es\/wp-json\/wp\/v2\/pages\/777\/revisions"}],"predecessor-version":[{"id":1409,"href":"https:\/\/xhomebarberia.com\/es\/wp-json\/wp\/v2\/pages\/777\/revisions\/1409"}],"wp:attachment":[{"href":"https:\/\/xhomebarberia.com\/es\/wp-json\/wp\/v2\/media?parent=777"}],"curies":[{"name":"wp","href":"https:\/\/api.w.org\/{rel}","templated":true}]}}