{"id":782,"date":"2023-07-28T12:38:48","date_gmt":"2023-07-28T10:38:48","guid":{"rendered":"https:\/\/xhomebarberia.com\/quienes-somos\/"},"modified":"2026-05-07T16:32:26","modified_gmt":"2026-05-07T14:32:26","slug":"quienes-somos","status":"publish","type":"page","link":"https:\/\/xhomebarberia.com\/es\/quienes-somos\/","title":{"rendered":"Qui\u00e9nes somos"},"content":{"rendered":"<p>[et_pb_section fb_built=\u00bb1&#8243; _builder_version=\u00bb4.27.2&#8243; _module_preset=\u00bbdefault\u00bb background_image=\u00bbhttps:\/\/xhomebarberia.com\/wp-content\/uploads\/2023\/07\/Mesa-de-trabajo-4-100-1.jpg\u00bb custom_margin=\u00bb-120px||||false|false\u00bb custom_padding=\u00bb120px||||false|false\u00bb global_colors_info=\u00bb{}\u00bb][et_pb_row _builder_version=\u00bb4.21.0&#8243; _module_preset=\u00bbdefault\u00bb global_colors_info=\u00bb{}\u00bb][et_pb_column type=\u00bb4_4&#8243; _builder_version=\u00bb4.21.0&#8243; _module_preset=\u00bbdefault\u00bb global_colors_info=\u00bb{}\u00bb][et_pb_text _builder_version=\u00bb4.27.2&#8243; _module_preset=\u00bbdefault\u00bb header_2_text_align=\u00bbcenter\u00bb header_2_font_size=\u00bb60px\u00bb global_colors_info=\u00bb{}\u00bb]<\/p>\n<h2>Qui\u00e9nes somos<\/h2>\n<p>[\/et_pb_text][\/et_pb_column][\/et_pb_row][\/et_pb_section][et_pb_section fb_built=\u00bb1&#8243; _builder_version=\u00bb4.21.0&#8243; _module_preset=\u00bbdefault\u00bb background_color=\u00bbrgba(0,0,0,0.94)\u00bb background_enable_image=\u00bboff\u00bb background_size=\u00bbcustom\u00bb background_image_width=\u00bb38%\u00bb background_position=\u00bbtop_center\u00bb background_blend=\u00bbmultiply\u00bb background_last_edited=\u00bbon|phone\u00bb background_image_width_phone=\u00bb100%\u00bb global_colors_info=\u00bb{}\u00bb][et_pb_row column_structure=\u00bb1_5,3_5,1_5&#8243; use_custom_gutter=\u00bbon\u00bb gutter_width=\u00bb2&#8243; _builder_version=\u00bb4.21.0&#8243; _module_preset=\u00bbdefault\u00bb custom_margin=\u00bb111px|auto||auto||\u00bb custom_margin_tablet=\u00bb111px|auto||auto||\u00bb custom_margin_phone=\u00bb10px||||false|false\u00bb custom_margin_last_edited=\u00bbon|phone\u00bb global_colors_info=\u00bb{}\u00bb][et_pb_column type=\u00bb1_5&#8243; _builder_version=\u00bb4.21.0&#8243; _module_preset=\u00bbdefault\u00bb global_colors_info=\u00bb{}\u00bb][\/et_pb_column][et_pb_column type=\u00bb3_5&#8243; _builder_version=\u00bb4.21.0&#8243; _module_preset=\u00bbdefault\u00bb global_colors_info=\u00bb{}\u00bb][et_pb_text _builder_version=\u00bb4.23.1&#8243; _module_preset=\u00bbdefault\u00bb text_orientation=\u00bbcenter\u00bb text_font_size_tablet=\u00bb\u00bb text_font_size_phone=\u00bb16px\u00bb text_font_size_last_edited=\u00bbon|phone\u00bb header_2_font_size_tablet=\u00bb\u00bb header_2_font_size_phone=\u00bb25px\u00bb header_2_font_size_last_edited=\u00bbon|phone\u00bb global_colors_info=\u00bb{}\u00bb]<\/p>\n<h2>En 2014, X Home Barberia abre sus puertas, para dedicarse a la atenci\u00f3n del p\u00fablico masculino, procurando dar el mejor servicio y asesoramiento para su imagen.<\/h2>\n<p>[\/et_pb_text][et_pb_image src=\u00bbhttps:\/\/xhomebarberia.com\/wp-content\/uploads\/2025\/02\/Mesa-de-trabajo-3-1.png\u00bb title_text=\u00bbMesa-de-trabajo-3&#8243; align=\u00bbcenter\u00bb _builder_version=\u00bb4.27.2&#8243; _module_preset=\u00bbdefault\u00bb width=\u00bb25%\u00bb width_tablet=\u00bb25%\u00bb width_phone=\u00bb72%\u00bb width_last_edited=\u00bbon|phone\u00bb module_alignment=\u00bbcenter\u00bb custom_margin=\u00bb43px||59px||false|false\u00bb global_colors_info=\u00bb{}\u00bb][\/et_pb_image][et_pb_text _builder_version=\u00bb4.21.0&#8243; _module_preset=\u00bbdefault\u00bb global_colors_info=\u00bb{}\u00bb]<\/p>\n<p style=\"text-align: center;\">En esta peque\u00f1a barber\u00eda, de ambiente c\u00e1lido y acogedor, encontrar\u00e1s un espacio donde ser\u00e1s atendido de forma personal y exclusiva durante todo el servicio por Albert, peluquero y barbero con a\u00f1os de experiencia, trabajando para perfeccionar los dise\u00f1os de corte de cabello y barba, ajust\u00e1ndose a la demanda del cliente ya las nuevas tendencias del momento.<\/p>\n<p>[\/et_pb_text][\/et_pb_column][et_pb_column type=\u00bb1_5&#8243; _builder_version=\u00bb4.21.0&#8243; _module_preset=\u00bbdefault\u00bb global_colors_info=\u00bb{}\u00bb][\/et_pb_column][\/et_pb_row][\/et_pb_section][et_pb_section fb_built=\u00bb1&#8243; _builder_version=\u00bb4.21.0&#8243; _module_preset=\u00bbdefault\u00bb background_color=\u00bb#000000&#8243; custom_margin_tablet=\u00bb\u00bb custom_margin_phone=\u00bb-94px||||false|false\u00bb custom_margin_last_edited=\u00bbon|phone\u00bb global_colors_info=\u00bb{}\u00bb][et_pb_row column_structure=\u00bb1_2,1_2&#8243; _builder_version=\u00bb4.27.4&#8243; _module_preset=\u00bbdefault\u00bb background_image=\u00bbhttps:\/\/xhomebarberia.com\/wp-content\/uploads\/2026\/05\/xHome_ALTA-6.jpg\u00bb background_size=\u00bbcustom\u00bb background_image_width=\u00bb48%\u00bb background_position=\u00bbtop_left\u00bb hover_enabled=\u00bb0&#8243; background_last_edited=\u00bbon|phone\u00bb background_enable_image_phone=\u00bboff\u00bb global_colors_info=\u00bb{}\u00bb sticky_enabled=\u00bb0&#8243; title_text=\u00bbxHome_ALTA-6&#8243; background_vertical_offset=\u00bb16%\u00bb][et_pb_column type=\u00bb1_2&#8243; _builder_version=\u00bb4.22.2&#8243; _module_preset=\u00bbdefault\u00bb background_enable_image=\u00bboff\u00bb global_colors_info=\u00bb{}\u00bb][\/et_pb_column][et_pb_column type=\u00bb1_2&#8243; _builder_version=\u00bb4.21.0&#8243; _module_preset=\u00bbdefault\u00bb global_colors_info=\u00bb{}\u00bb][et_pb_text _builder_version=\u00bb4.21.0&#8243; _module_preset=\u00bbdefault\u00bb text_text_color=\u00bb#FFFFFF\u00bb background_color=\u00bb#333333&#8243; transform_scale=\u00bb102%|108%\u00bb transform_scale_tablet=\u00bb102%|108%\u00bb transform_scale_phone=\u00bb100%|100%\u00bb transform_scale_last_edited=\u00bbon|phone\u00bb transform_scale_linked=\u00bboff\u00bb transform_translate=\u00bb-93px|23px\u00bb transform_translate_tablet=\u00bb38px|23px\u00bb transform_translate_phone=\u00bb0px|0px\u00bb transform_translate_last_edited=\u00bbon|phone\u00bb transform_translate_linked=\u00bboff\u00bb transform_rotate_tablet=\u00bb\u00bb transform_rotate_phone=\u00bb\u00bb transform_rotate_last_edited=\u00bbon|phone\u00bb transform_skew_tablet=\u00bb\u00bb transform_skew_phone=\u00bb\u00bb transform_skew_last_edited=\u00bbon|phone\u00bb transform_origin_tablet=\u00bb\u00bb transform_origin_phone=\u00bb\u00bb transform_origin_last_edited=\u00bbon|phone\u00bb transform_styles_last_edited=\u00bbon|phone\u00bb custom_margin=\u00bb75px|-61px|89px||false|false\u00bb custom_margin_tablet=\u00bb|-61px|89px||false|false\u00bb custom_margin_phone=\u00bb-54px|0px|89px||false|false\u00bb custom_margin_last_edited=\u00bbon|phone\u00bb custom_padding=\u00bb32px|42px|32px|42px|true|true\u00bb text_font_size_tablet=\u00bb\u00bb text_font_size_phone=\u00bb16px\u00bb text_font_size_last_edited=\u00bbon|phone\u00bb transform_styles_tablet=\u00bb\u00bb transform_styles_phone=\u00bb\u00bb global_colors_info=\u00bb{}\u00bb]<\/p>\n<p>Nuestro principal objetivo es crear un ambiente agradable y acogedor, donde los clientes puedan relajarse. Por eso, nos esforzamos en mantener un ambiente tranquilo y distendido, proporcionando un servicio personalizado y profesional en cada momento.<\/p>\n<p>[\/et_pb_text][et_pb_text _builder_version=\u00bb4.21.0&#8243; _module_preset=\u00bbdefault\u00bb text_font=\u00bbLobster||||||||\u00bb text_text_color=\u00bb#FFFFFF\u00bb text_font_size=\u00bb27px\u00bb text_line_height=\u00bb1.8em\u00bb text_orientation=\u00bbcenter\u00bb custom_margin=\u00bb184px||209px||false|false\u00bb custom_margin_tablet=\u00bb\u00bb custom_margin_phone=\u00bb122px||66px||false|false\u00bb custom_margin_last_edited=\u00bbon|phone\u00bb global_colors_info=\u00bb{}\u00bb]<\/p>\n<p>\u00abEn los \u00faltimos a\u00f1os, hemos evolucionado y nos hemos renovado para adaptarnos a las demandas del mercado actual. Continuamos mejorando y actualizando nuestros servicios y productos para asegurarnos de que nuestros clientes reciban siempre el mejor trato y servicio posible.\u201d<\/p>\n<p>Albert Bosch<\/p>\n<p>[\/et_pb_text][\/et_pb_column][\/et_pb_row][et_pb_row disabled_on=\u00bboff|on|on\u00bb _builder_version=\u00bb4.21.0&#8243; _module_preset=\u00bbdefault\u00bb global_colors_info=\u00bb{}\u00bb][et_pb_column type=\u00bb4_4&#8243; _builder_version=\u00bb4.21.0&#8243; _module_preset=\u00bbdefault\u00bb global_colors_info=\u00bb{}\u00bb][et_pb_image src=\u00bbhttps:\/\/xhomebarberia.com\/wp-content\/uploads\/2026\/05\/xHome_ALTA-6.jpg\u00bb alt=\u00bbAlbert X Home Barberia\u00bb title_text=\u00bbxHome_ALTA-6&#8243; _builder_version=\u00bb4.27.4&#8243; _module_preset=\u00bbdefault\u00bb hover_enabled=\u00bb0&#8243; global_colors_info=\u00bb{}\u00bb sticky_enabled=\u00bb0&#8243;][\/et_pb_image][\/et_pb_column][\/et_pb_row][\/et_pb_section][et_pb_section fb_built=\u00bb1&#8243; _builder_version=\u00bb4.27.2&#8243; _module_preset=\u00bbdefault\u00bb background_color=\u00bb#000000&#8243; background_image=\u00bbhttps:\/\/xhomebarberia.com\/wp-content\/uploads\/2023\/07\/Mesa-de-trabajo-5-100-1.jpg\u00bb custom_padding=\u00bb145px|||||\u00bb global_colors_info=\u00bb{}\u00bb][et_pb_row column_structure=\u00bb1_4,1_2,1_4&#8243; _builder_version=\u00bb4.21.0&#8243; _module_preset=\u00bbdefault\u00bb custom_margin=\u00bb|auto|108px|auto||\u00bb custom_margin_tablet=\u00bb|auto|132px|auto||\u00bb custom_margin_phone=\u00bb|auto|0px|auto|false|false\u00bb custom_margin_last_edited=\u00bbon|phone\u00bb global_colors_info=\u00bb{}\u00bb][et_pb_column type=\u00bb1_4&#8243; _builder_version=\u00bb4.21.0&#8243; _module_preset=\u00bbdefault\u00bb global_colors_info=\u00bb{}\u00bb][\/et_pb_column][et_pb_column type=\u00bb1_2&#8243; _builder_version=\u00bb4.21.0&#8243; _module_preset=\u00bbdefault\u00bb global_colors_info=\u00bb{}\u00bb][et_pb_text _builder_version=\u00bb4.21.0&#8243; _module_preset=\u00bbdefault\u00bb text_text_color=\u00bb#FFFFFF\u00bb text_font_size=\u00bb33px\u00bb text_letter_spacing=\u00bb5px\u00bb text_orientation=\u00bbcenter\u00bb custom_margin=\u00bb||52px|||\u00bb text_font_size_tablet=\u00bb33px\u00bb text_font_size_phone=\u00bb24px\u00bb text_font_size_last_edited=\u00bbon|phone\u00bb global_colors_info=\u00bb{}\u00bb]<\/p>\n<p>&#8211; PIDE CITA &#8211;<\/p>\n<p>[\/et_pb_text][et_pb_button button_url=\u00bb\/#reservar\u00bb button_text=\u00bbReservar\u00bb button_alignment=\u00bbcenter\u00bb _builder_version=\u00bb4.22.2&#8243; _module_preset=\u00bbdefault\u00bb custom_button=\u00bbon\u00bb button_text_color=\u00bb#FFFFFF\u00bb button_icon=\u00bb&#xf0c4;||fa||900&#8243; custom_margin=\u00bb||12px|||\u00bb locked=\u00bboff\u00bb global_colors_info=\u00bb{}\u00bb][\/et_pb_button][et_pb_text _builder_version=\u00bb4.21.0&#8243; _module_preset=\u00bbdefault\u00bb text_orientation=\u00bbcenter\u00bb text_font_size_tablet=\u00bb\u00bb text_font_size_phone=\u00bb16px\u00bb text_font_size_last_edited=\u00bbon|phone\u00bb global_colors_info=\u00bb{}\u00bb]<\/p>\n<p>Todos los servicios son individualizados y en horas convenidas.<br \/>Imprescindible cita previa.<\/p>\n<p>[\/et_pb_text][\/et_pb_column][et_pb_column type=\u00bb1_4&#8243; _builder_version=\u00bb4.21.0&#8243; _module_preset=\u00bbdefault\u00bb global_colors_info=\u00bb{}\u00bb][\/et_pb_column][\/et_pb_row][\/et_pb_section]<\/p>\n","protected":false},"excerpt":{"rendered":"<p>Qui\u00e9nes somosEn 2014, X Home Barberia abre sus puertas, para dedicarse a la atenci\u00f3n del p\u00fablico masculino, procurando dar el mejor servicio y asesoramiento para su imagen.En esta peque\u00f1a barber\u00eda, de ambiente c\u00e1lido y acogedor, encontrar\u00e1s un espacio donde ser\u00e1s atendido de forma personal y exclusiva durante todo el servicio por Albert, peluquero y barbero [&hellip;]<\/p>\n","protected":false},"author":4,"featured_media":989,"parent":0,"menu_order":0,"comment_status":"closed","ping_status":"closed","template":"","meta":{"_et_pb_use_builder":"on","_et_pb_old_content":"","_et_gb_content_width":"","footnotes":""},"class_list":["post-782","page","type-page","status-publish","has-post-thumbnail","hentry"],"yoast_head":"<!-- This site is optimized with the Yoast SEO plugin v27.4 - https:\/\/yoast.com\/product\/yoast-seo-wordpress\/ -->\n<title>Qui\u00e9nes somos - X Home Barberia<\/title>\n<meta name=\"description\" content=\"En 2014, X Home barberia abre sus puertas, para dedicarse a la atenci\u00f3n del p\u00fablico masculino, procurando dar el mejor servicio.\" \/>\n<meta name=\"robots\" content=\"index, follow, max-snippet:-1, max-image-preview:large, max-video-preview:-1\" \/>\n<link rel=\"canonical\" href=\"https:\/\/xhomebarberia.com\/es\/quienes-somos\/\" \/>\n<meta property=\"og:locale\" content=\"es_ES\" \/>\n<meta property=\"og:type\" content=\"article\" \/>\n<meta property=\"og:title\" content=\"Qui\u00e9nes somos - X Home Barberia\" \/>\n<meta property=\"og:description\" content=\"En 2014, X Home barberia abre sus puertas, para dedicarse a la atenci\u00f3n del p\u00fablico masculino, procurando dar el mejor servicio.\" \/>\n<meta property=\"og:url\" content=\"https:\/\/xhomebarberia.com\/es\/quienes-somos\/\" \/>\n<meta property=\"og:site_name\" content=\"X Home Barberia\" \/>\n<meta property=\"article:modified_time\" content=\"2026-05-07T14:32:26+00:00\" \/>\n<meta property=\"og:image\" content=\"https:\/\/xhomebarberia.com\/wp-content\/uploads\/2023\/09\/albert-x-home-barberia-scaled.webp\" \/>\n\t<meta property=\"og:image:width\" content=\"2048\" \/>\n\t<meta property=\"og:image:height\" content=\"2560\" \/>\n\t<meta property=\"og:image:type\" content=\"image\/webp\" \/>\n<meta name=\"twitter:card\" content=\"summary_large_image\" \/>\n<meta name=\"twitter:label1\" content=\"Tiempo de lectura\" \/>\n\t<meta name=\"twitter:data1\" content=\"6 minutos\" \/>\n<script type=\"application\/ld+json\" class=\"yoast-schema-graph\">{\"@context\":\"https:\\\/\\\/schema.org\",\"@graph\":[{\"@type\":\"WebPage\",\"@id\":\"https:\\\/\\\/xhomebarberia.com\\\/es\\\/quienes-somos\\\/\",\"url\":\"https:\\\/\\\/xhomebarberia.com\\\/es\\\/quienes-somos\\\/\",\"name\":\"Qui\u00e9nes somos - X Home Barberia\",\"isPartOf\":{\"@id\":\"https:\\\/\\\/xhomebarberia.com\\\/es\\\/#website\"},\"primaryImageOfPage\":{\"@id\":\"https:\\\/\\\/xhomebarberia.com\\\/es\\\/quienes-somos\\\/#primaryimage\"},\"image\":{\"@id\":\"https:\\\/\\\/xhomebarberia.com\\\/es\\\/quienes-somos\\\/#primaryimage\"},\"thumbnailUrl\":\"https:\\\/\\\/xhomebarberia.com\\\/wp-content\\\/uploads\\\/2023\\\/09\\\/albert-x-home-barberia-scaled.webp\",\"datePublished\":\"2023-07-28T10:38:48+00:00\",\"dateModified\":\"2026-05-07T14:32:26+00:00\",\"description\":\"En 2014, X Home barberia abre sus puertas, para dedicarse a la atenci\u00f3n del p\u00fablico masculino, procurando dar el mejor servicio.\",\"breadcrumb\":{\"@id\":\"https:\\\/\\\/xhomebarberia.com\\\/es\\\/quienes-somos\\\/#breadcrumb\"},\"inLanguage\":\"es\",\"potentialAction\":[{\"@type\":\"ReadAction\",\"target\":[\"https:\\\/\\\/xhomebarberia.com\\\/es\\\/quienes-somos\\\/\"]}]},{\"@type\":\"ImageObject\",\"inLanguage\":\"es\",\"@id\":\"https:\\\/\\\/xhomebarberia.com\\\/es\\\/quienes-somos\\\/#primaryimage\",\"url\":\"https:\\\/\\\/xhomebarberia.com\\\/wp-content\\\/uploads\\\/2023\\\/09\\\/albert-x-home-barberia-scaled.webp\",\"contentUrl\":\"https:\\\/\\\/xhomebarberia.com\\\/wp-content\\\/uploads\\\/2023\\\/09\\\/albert-x-home-barberia-scaled.webp\",\"width\":2048,\"height\":2560,\"caption\":\"Albert X Home Barberia\"},{\"@type\":\"BreadcrumbList\",\"@id\":\"https:\\\/\\\/xhomebarberia.com\\\/es\\\/quienes-somos\\\/#breadcrumb\",\"itemListElement\":[{\"@type\":\"ListItem\",\"position\":1,\"name\":\"Portada\",\"item\":\"https:\\\/\\\/xhomebarberia.com\\\/es\\\/x-home-barberia\\\/\"},{\"@type\":\"ListItem\",\"position\":2,\"name\":\"Qui\u00e9nes somos\"}]},{\"@type\":\"WebSite\",\"@id\":\"https:\\\/\\\/xhomebarberia.com\\\/es\\\/#website\",\"url\":\"https:\\\/\\\/xhomebarberia.com\\\/es\\\/\",\"name\":\"X Home Barberia\",\"description\":\"La teva barberia a Girona des de 2014\",\"potentialAction\":[{\"@type\":\"SearchAction\",\"target\":{\"@type\":\"EntryPoint\",\"urlTemplate\":\"https:\\\/\\\/xhomebarberia.com\\\/es\\\/?s={search_term_string}\"},\"query-input\":{\"@type\":\"PropertyValueSpecification\",\"valueRequired\":true,\"valueName\":\"search_term_string\"}}],\"inLanguage\":\"es\"}]}<\/script>\n<!-- \/ Yoast SEO plugin. -->","yoast_head_json":{"title":"Qui\u00e9nes somos - X Home Barberia","description":"En 2014, X Home barberia abre sus puertas, para dedicarse a la atenci\u00f3n del p\u00fablico masculino, procurando dar el mejor servicio.","robots":{"index":"index","follow":"follow","max-snippet":"max-snippet:-1","max-image-preview":"max-image-preview:large","max-video-preview":"max-video-preview:-1"},"canonical":"https:\/\/xhomebarberia.com\/es\/quienes-somos\/","og_locale":"es_ES","og_type":"article","og_title":"Qui\u00e9nes somos - X Home Barberia","og_description":"En 2014, X Home barberia abre sus puertas, para dedicarse a la atenci\u00f3n del p\u00fablico masculino, procurando dar el mejor servicio.","og_url":"https:\/\/xhomebarberia.com\/es\/quienes-somos\/","og_site_name":"X Home Barberia","article_modified_time":"2026-05-07T14:32:26+00:00","og_image":[{"width":2048,"height":2560,"url":"https:\/\/xhomebarberia.com\/wp-content\/uploads\/2023\/09\/albert-x-home-barberia-scaled.webp","type":"image\/webp"}],"twitter_card":"summary_large_image","twitter_misc":{"Tiempo de lectura":"6 minutos"},"schema":{"@context":"https:\/\/schema.org","@graph":[{"@type":"WebPage","@id":"https:\/\/xhomebarberia.com\/es\/quienes-somos\/","url":"https:\/\/xhomebarberia.com\/es\/quienes-somos\/","name":"Qui\u00e9nes somos - X Home Barberia","isPartOf":{"@id":"https:\/\/xhomebarberia.com\/es\/#website"},"primaryImageOfPage":{"@id":"https:\/\/xhomebarberia.com\/es\/quienes-somos\/#primaryimage"},"image":{"@id":"https:\/\/xhomebarberia.com\/es\/quienes-somos\/#primaryimage"},"thumbnailUrl":"https:\/\/xhomebarberia.com\/wp-content\/uploads\/2023\/09\/albert-x-home-barberia-scaled.webp","datePublished":"2023-07-28T10:38:48+00:00","dateModified":"2026-05-07T14:32:26+00:00","description":"En 2014, X Home barberia abre sus puertas, para dedicarse a la atenci\u00f3n del p\u00fablico masculino, procurando dar el mejor servicio.","breadcrumb":{"@id":"https:\/\/xhomebarberia.com\/es\/quienes-somos\/#breadcrumb"},"inLanguage":"es","potentialAction":[{"@type":"ReadAction","target":["https:\/\/xhomebarberia.com\/es\/quienes-somos\/"]}]},{"@type":"ImageObject","inLanguage":"es","@id":"https:\/\/xhomebarberia.com\/es\/quienes-somos\/#primaryimage","url":"https:\/\/xhomebarberia.com\/wp-content\/uploads\/2023\/09\/albert-x-home-barberia-scaled.webp","contentUrl":"https:\/\/xhomebarberia.com\/wp-content\/uploads\/2023\/09\/albert-x-home-barberia-scaled.webp","width":2048,"height":2560,"caption":"Albert X Home Barberia"},{"@type":"BreadcrumbList","@id":"https:\/\/xhomebarberia.com\/es\/quienes-somos\/#breadcrumb","itemListElement":[{"@type":"ListItem","position":1,"name":"Portada","item":"https:\/\/xhomebarberia.com\/es\/x-home-barberia\/"},{"@type":"ListItem","position":2,"name":"Qui\u00e9nes somos"}]},{"@type":"WebSite","@id":"https:\/\/xhomebarberia.com\/es\/#website","url":"https:\/\/xhomebarberia.com\/es\/","name":"X Home Barberia","description":"La teva barberia a Girona des de 2014","potentialAction":[{"@type":"SearchAction","target":{"@type":"EntryPoint","urlTemplate":"https:\/\/xhomebarberia.com\/es\/?s={search_term_string}"},"query-input":{"@type":"PropertyValueSpecification","valueRequired":true,"valueName":"search_term_string"}}],"inLanguage":"es"}]}},"_links":{"self":[{"href":"https:\/\/xhomebarberia.com\/es\/wp-json\/wp\/v2\/pages\/782","targetHints":{"allow":["GET"]}}],"collection":[{"href":"https:\/\/xhomebarberia.com\/es\/wp-json\/wp\/v2\/pages"}],"about":[{"href":"https:\/\/xhomebarberia.com\/es\/wp-json\/wp\/v2\/types\/page"}],"author":[{"embeddable":true,"href":"https:\/\/xhomebarberia.com\/es\/wp-json\/wp\/v2\/users\/4"}],"replies":[{"embeddable":true,"href":"https:\/\/xhomebarberia.com\/es\/wp-json\/wp\/v2\/comments?post=782"}],"version-history":[{"count":12,"href":"https:\/\/xhomebarberia.com\/es\/wp-json\/wp\/v2\/pages\/782\/revisions"}],"predecessor-version":[{"id":1471,"href":"https:\/\/xhomebarberia.com\/es\/wp-json\/wp\/v2\/pages\/782\/revisions\/1471"}],"wp:featuredmedia":[{"embeddable":true,"href":"https:\/\/xhomebarberia.com\/es\/wp-json\/wp\/v2\/media\/989"}],"wp:attachment":[{"href":"https:\/\/xhomebarberia.com\/es\/wp-json\/wp\/v2\/media?parent=782"}],"curies":[{"name":"wp","href":"https:\/\/api.w.org\/{rel}","templated":true}]}}